{"id":52,"date":"2024-10-12T21:45:44","date_gmt":"2024-10-12T21:45:44","guid":{"rendered":"https:\/\/blog.digestivamente.com.ar\/?page_id=52"},"modified":"2024-10-12T21:45:44","modified_gmt":"2024-10-12T21:45:44","slug":"preguntas-frecuentes","status":"publish","type":"page","link":"https:\/\/blog.digestivamente.com.ar\/index.php\/preguntas-frecuentes\/","title":{"rendered":"Preguntas Frecuentes"},"content":{"rendered":"\n<blockquote class=\"wp-block-quote has-medium-font-size is-layout-flow wp-block-quote-is-layout-flow\">\n<p><strong>\u00bfEn \u00e9pocas de crisis aumentan las consultas sobre intestino irritable?<\/strong><\/p>\n\n\n\n<p>Existe un modelo explicativo del S\u00edndrome de intestino irritable que se denomina eje cerebro- intestinal que a grandes rasgos habla de la interacci\u00f3n bidireccional entre las emociones y el estr\u00e9s y los s\u00edntomas intestinales. El intestino es un \u00f3rgano a trav\u00e9s del cual se expresan las emociones en personas predispuestas. En \u00e9pocas de crisis aumentan los niveles de ansiedad, angustia y depresi\u00f3n en las personas y esto tiene un impacto en la generaci\u00f3n de s\u00edntomas intestinales.<\/p>\n<\/blockquote>\n\n\n\n<blockquote class=\"wp-block-quote has-medium-font-size is-layout-flow wp-block-quote-is-layout-flow\">\n<p><strong>\u00bfEl intestino irritable puede provocar c\u00e1ncer?\u00a0<\/strong><\/p>\n\n\n\n<p>Se trata de un trastorno benigno que no predispone ni evoluciona a c\u00e1ncer. Es importante igualmente que las personas de 50 a\u00f1os realicen los test correspondientes para detectar precozmente c\u00e1ncer de colon.&nbsp;<\/p>\n<\/blockquote>\n\n\n\n<blockquote class=\"wp-block-quote has-medium-font-size is-layout-flow wp-block-quote-is-layout-flow\">\n<p><strong>\u00bfSe puede curar el s\u00edndrome de intestino irritable?\u00a0<\/strong><\/p>\n\n\n\n<p>Se trata de un trastorno cr\u00f3nico que evoluciona de manera recurrente o intermitente en funci\u00f3n de la exposici\u00f3n o no de las personas predispuestas a los factores desencadenantes. El objetivo del tratamiento es el control de los s\u00edntomas, no la cura.&nbsp;<\/p>\n<\/blockquote>\n\n\n\n<blockquote class=\"wp-block-quote has-medium-font-size is-layout-flow wp-block-quote-is-layout-flow\">\n<p><strong>\u00bfEs verdad que \u201cno tengo nada\u201d como me dijo el m\u00e9dico?<\/strong><\/p>\n\n\n\n<p>Este es un problema frecuente. Los pacientes con s\u00edndrome de intestino irritable suelen realizar m\u00faltiples consultas por no encontrar una respuesta adecuada a sus dolencias. Una vez realizado un diagn\u00f3stico correcto se debe abordar al paciente de manera integral, explic\u00e1ndole el significado y origen de sus s\u00edntomas y reasegur\u00e1ndolo sobre las caracter\u00edsticas de benignidad de esta entidad.&nbsp;<\/p>\n<\/blockquote>\n\n\n\n<blockquote class=\"wp-block-quote has-medium-font-size is-layout-flow wp-block-quote-is-layout-flow\">\n<p><strong>Si tengo s\u00edndrome de intestino irritable \u00bfdebo hacer una dieta de por vida?\u00a0<\/strong><\/p>\n\n\n\n<p>A diferencia de la enfermedad cel\u00edaca en la cual hay que excluir el gluten de la dieta de por vida porque est\u00e1 asociado a inflamaci\u00f3n y da\u00f1o estructural de la mucosa, en el S\u00edndrome de intestino Irritable la modulaci\u00f3n de la alimentaci\u00f3n se indica para controlar las molestias.&nbsp;<\/p>\n<\/blockquote>\n\n\n\n<blockquote class=\"wp-block-quote has-medium-font-size is-layout-flow wp-block-quote-is-layout-flow\">\n<p><strong>\u00bfLas bacterias del intestino tienen relaci\u00f3n con el s\u00edndrome de intestino irritable?\u00a0<\/strong><\/p>\n\n\n\n<p>Hay relaci\u00f3n entre la composici\u00f3n de bacterias intestinales de cada individuo y el s\u00edndrome de intestino irritable. Tanto es as\u00ed que en algunos casos se necesitan realizar determinados tests espec\u00edficos o tratamientos para modular la flora bacteriana intestinal.&nbsp;<\/p>\n<\/blockquote>\n","protected":false},"excerpt":{"rendered":"<p>\u00bfEn \u00e9pocas de crisis aumentan las consultas sobre intestino irritable? Existe un modelo explicativo del S\u00edndrome de intestino irritable que se denomina eje cerebro- intestinal que a grandes rasgos habla de la interacci\u00f3n bidireccional entre las emociones y el estr\u00e9s y los s\u00edntomas intestinales. El intestino es un \u00f3rgano a trav\u00e9s del cual se expresan [&hellip;]<\/p>\n","protected":false},"author":1,"featured_media":50,"parent":0,"menu_order":0,"comment_status":"closed","ping_status":"closed","template":"","meta":{"footnotes":""},"class_list":["post-52","page","type-page","status-publish","has-post-thumbnail","hentry"],"_links":{"self":[{"href":"https:\/\/blog.digestivamente.com.ar\/index.php\/wp-json\/wp\/v2\/pages\/52","targetHints":{"allow":["GET"]}}],"collection":[{"href":"https:\/\/blog.digestivamente.com.ar\/index.php\/wp-json\/wp\/v2\/pages"}],"about":[{"href":"https:\/\/blog.digestivamente.com.ar\/index.php\/wp-json\/wp\/v2\/types\/page"}],"author":[{"embeddable":true,"href":"https:\/\/blog.digestivamente.com.ar\/index.php\/wp-json\/wp\/v2\/users\/1"}],"replies":[{"embeddable":true,"href":"https:\/\/blog.digestivamente.com.ar\/index.php\/wp-json\/wp\/v2\/comments?post=52"}],"version-history":[{"count":1,"href":"https:\/\/blog.digestivamente.com.ar\/index.php\/wp-json\/wp\/v2\/pages\/52\/revisions"}],"predecessor-version":[{"id":53,"href":"https:\/\/blog.digestivamente.com.ar\/index.php\/wp-json\/wp\/v2\/pages\/52\/revisions\/53"}],"wp:featuredmedia":[{"embeddable":true,"href":"https:\/\/blog.digestivamente.com.ar\/index.php\/wp-json\/wp\/v2\/media\/50"}],"wp:attachment":[{"href":"https:\/\/blog.digestivamente.com.ar\/index.php\/wp-json\/wp\/v2\/media?parent=52"}],"curies":[{"name":"wp","href":"https:\/\/api.w.org\/{rel}","templated":true}]}}